{"id":293,"date":"2025-10-17T22:31:55","date_gmt":"2025-10-17T20:31:55","guid":{"rendered":"https:\/\/nathanchabalier.com\/?page_id=293"},"modified":"2025-10-20T09:21:47","modified_gmt":"2025-10-20T07:21:47","slug":"trouve-ta-place","status":"publish","type":"page","link":"https:\/\/nathanchabalier.com\/?page_id=293","title":{"rendered":"Trouve Ta Place"},"content":{"rendered":"\t\t<div data-elementor-type=\"wp-page\" data-elementor-id=\"293\" class=\"elementor elementor-293\" data-elementor-post-type=\"page\">\n\t\t\t\t<div class=\"elementor-element elementor-element-493c21e e-flex e-con-boxed e-con e-parent\" data-id=\"493c21e\" data-element_type=\"container\" data-e-type=\"container\">\n\t\t\t\t\t<div class=\"e-con-inner\">\n\t\t\t\t<div class=\"elementor-element elementor-element-3b53fa6 elementor-widget elementor-widget-heading\" data-id=\"3b53fa6\" data-element_type=\"widget\" data-e-type=\"widget\" data-widget_type=\"heading.default\">\n\t\t\t\t\t<h2 class=\"elementor-heading-title elementor-size-default\">Trouve ta place<\/h2>\t\t\t\t<\/div>\n\t\t\t\t<div class=\"elementor-element elementor-element-563791e elementor-widget elementor-widget-image\" data-id=\"563791e\" data-element_type=\"widget\" data-e-type=\"widget\" data-widget_type=\"image.default\">\n\t\t\t\t\t\t\t\t\t\t\t\t\t\t\t<img decoding=\"async\" width=\"300\" height=\"116\" src=\"https:\/\/nathanchabalier.com\/wp-content\/uploads\/2025\/10\/trouve-ta-place-2-300x116.jpg\" class=\"attachment-medium size-medium wp-image-375\" alt=\"\" srcset=\"https:\/\/nathanchabalier.com\/wp-content\/uploads\/2025\/10\/trouve-ta-place-2-300x116.jpg 300w, https:\/\/nathanchabalier.com\/wp-content\/uploads\/2025\/10\/trouve-ta-place-2-768x296.jpg 768w, https:\/\/nathanchabalier.com\/wp-content\/uploads\/2025\/10\/trouve-ta-place-2.jpg 841w\" sizes=\"(max-width: 300px) 100vw, 300px\" \/>\t\t\t\t\t\t\t\t\t\t\t\t\t\t\t<\/div>\n\t\t\t\t\t<\/div>\n\t\t\t\t<\/div>\n\t\t<div class=\"elementor-element elementor-element-40e3ec0 e-flex e-con-boxed e-con e-parent\" data-id=\"40e3ec0\" data-element_type=\"container\" data-e-type=\"container\">\n\t\t\t\t\t<div class=\"e-con-inner\">\n\t\t\t\t<div class=\"elementor-element elementor-element-9d35d3a elementor-widget elementor-widget-text-editor\" data-id=\"9d35d3a\" data-element_type=\"widget\" data-e-type=\"widget\" data-widget_type=\"text-editor.default\">\n\t\t\t\t\t\t\t\t\t<p>Trouve Ta Place est mon projet de fin d&rsquo;ann\u00e9e. C&rsquo;est un site internet permettant la r\u00e9servation et le paiement de places de parking par les utilisateurs. Il y a \u00e9galement une partie r\u00e9serv\u00e9e \u00e0 l&rsquo;administrateur qui peut g\u00e9rer les diff\u00e9rentes places de parking ainsi que les tarifs en fonction de les p\u00e9riodes.<\/p>\t\t\t\t\t\t\t\t<\/div>\n\t\t\t\t<div class=\"elementor-element elementor-element-8b3293a elementor-widget elementor-widget-text-editor\" data-id=\"8b3293a\" data-element_type=\"widget\" data-e-type=\"widget\" data-widget_type=\"text-editor.default\">\n\t\t\t\t\t\t\t\t\t<p>Le backend administrateur permet \u00e0 l&rsquo;administrateur de g\u00e9rer ses parkings et places. Il peut ajouter des tarifs selon les jours et les heures en fonction de l&rsquo;affluence.<\/p>\t\t\t\t\t\t\t\t<\/div>\n\t\t\t\t<div class=\"elementor-element elementor-element-9da962c elementor-widget elementor-widget-text-editor\" data-id=\"9da962c\" data-element_type=\"widget\" data-e-type=\"widget\" data-widget_type=\"text-editor.default\">\n\t\t\t\t\t\t\t\t\t<p>La partie utilisateur permet la r\u00e9servation et le paiement d&rsquo;une place de parking. Le prix est calcul\u00e9 en fonction de la dur\u00e9e de stationnement ainsi que les prix pour les horaires fix\u00e9s par l&rsquo;administrateur.<\/p>\t\t\t\t\t\t\t\t<\/div>\n\t\t\t\t\t<\/div>\n\t\t\t\t<\/div>\n\t\t<div class=\"elementor-element elementor-element-3902cee e-flex e-con-boxed e-con e-parent\" data-id=\"3902cee\" data-element_type=\"container\" data-e-type=\"container\">\n\t\t\t\t\t<div class=\"e-con-inner\">\n\t\t\t\t\t<\/div>\n\t\t\t\t<\/div>\n\t\t<div class=\"elementor-element elementor-element-8acce66 e-flex e-con-boxed e-con e-parent\" data-id=\"8acce66\" data-element_type=\"container\" data-e-type=\"container\">\n\t\t\t\t\t<div class=\"e-con-inner\">\n\t\t\t\t<div class=\"elementor-element elementor-element-f3043aa elementor-arrows-position-inside elementor-pagination-position-outside elementor-widget elementor-widget-image-carousel\" data-id=\"f3043aa\" data-element_type=\"widget\" data-e-type=\"widget\" data-settings=\"{&quot;slides_to_show&quot;:&quot;1&quot;,&quot;navigation&quot;:&quot;both&quot;,&quot;autoplay&quot;:&quot;yes&quot;,&quot;pause_on_hover&quot;:&quot;yes&quot;,&quot;pause_on_interaction&quot;:&quot;yes&quot;,&quot;autoplay_speed&quot;:5000,&quot;infinite&quot;:&quot;yes&quot;,&quot;effect&quot;:&quot;slide&quot;,&quot;speed&quot;:500}\" data-widget_type=\"image-carousel.default\">\n\t\t\t\t\t\t\t<div class=\"elementor-image-carousel-wrapper swiper\" role=\"region\" aria-roledescription=\"carousel\" aria-label=\"Carrousel d\u2019images\" dir=\"ltr\">\n\t\t\t<div class=\"elementor-image-carousel swiper-wrapper\" aria-live=\"off\">\n\t\t\t\t\t\t\t\t<div class=\"swiper-slide\" role=\"group\" aria-roledescription=\"slide\" aria-label=\"1 sur 4\"><figure class=\"swiper-slide-inner\"><img decoding=\"async\" class=\"swiper-slide-image\" src=\"https:\/\/nathanchabalier.com\/wp-content\/uploads\/2025\/10\/Capture-decran-2025-10-16-a-23.14.11-scaled.png\" alt=\"Capture d\u2019\u00e9cran 2025-10-16 \u00e0 23.14.11\" \/><\/figure><\/div><div class=\"swiper-slide\" role=\"group\" aria-roledescription=\"slide\" aria-label=\"2 sur 4\"><figure class=\"swiper-slide-inner\"><img decoding=\"async\" class=\"swiper-slide-image\" src=\"https:\/\/nathanchabalier.com\/wp-content\/uploads\/2025\/10\/Capture-decran-2025-10-16-a-23.14.27-scaled.png\" alt=\"Capture d\u2019\u00e9cran 2025-10-16 \u00e0 23.14.27\" \/><\/figure><\/div><div class=\"swiper-slide\" role=\"group\" aria-roledescription=\"slide\" aria-label=\"3 sur 4\"><figure class=\"swiper-slide-inner\"><img decoding=\"async\" class=\"swiper-slide-image\" src=\"https:\/\/nathanchabalier.com\/wp-content\/uploads\/2025\/10\/Capture-decran-2025-10-16-a-23.16.46-scaled.png\" alt=\"Capture d\u2019\u00e9cran 2025-10-16 \u00e0 23.16.46\" \/><\/figure><\/div><div class=\"swiper-slide\" role=\"group\" aria-roledescription=\"slide\" aria-label=\"4 sur 4\"><figure class=\"swiper-slide-inner\"><img decoding=\"async\" class=\"swiper-slide-image\" src=\"https:\/\/nathanchabalier.com\/wp-content\/uploads\/2025\/10\/Capture-decran-2025-10-16-a-23.18.41-scaled.png\" alt=\"Capture d\u2019\u00e9cran 2025-10-16 \u00e0 23.18.41\" \/><\/figure><\/div>\t\t\t<\/div>\n\t\t\t\t\t\t\t\t\t\t\t\t<div class=\"elementor-swiper-button elementor-swiper-button-prev\" role=\"button\" tabindex=\"0\">\n\t\t\t\t\t\t<svg aria-hidden=\"true\" class=\"e-font-icon-svg e-eicon-chevron-left\" viewBox=\"0 0 1000 1000\" xmlns=\"http:\/\/www.w3.org\/2000\/svg\"><path d=\"M646 125C629 125 613 133 604 142L308 442C296 454 292 471 292 487 292 504 296 521 308 533L604 854C617 867 629 875 646 875 663 875 679 871 692 858 704 846 713 829 713 812 713 796 708 779 692 767L438 487 692 225C700 217 708 204 708 187 708 171 704 154 692 142 675 129 663 125 646 125Z\"><\/path><\/svg>\t\t\t\t\t<\/div>\n\t\t\t\t\t<div class=\"elementor-swiper-button elementor-swiper-button-next\" role=\"button\" tabindex=\"0\">\n\t\t\t\t\t\t<svg aria-hidden=\"true\" class=\"e-font-icon-svg e-eicon-chevron-right\" viewBox=\"0 0 1000 1000\" xmlns=\"http:\/\/www.w3.org\/2000\/svg\"><path d=\"M696 533C708 521 713 504 713 487 713 471 708 454 696 446L400 146C388 133 375 125 354 125 338 125 325 129 313 142 300 154 292 171 292 187 292 204 296 221 308 233L563 492 304 771C292 783 288 800 288 817 288 833 296 850 308 863 321 871 338 875 354 875 371 875 388 867 400 854L696 533Z\"><\/path><\/svg>\t\t\t\t\t<\/div>\n\t\t\t\t\n\t\t\t\t\t\t\t\t\t<div class=\"swiper-pagination\"><\/div>\n\t\t\t\t\t\t\t\t\t<\/div>\n\t\t\t\t\t\t<\/div>\n\t\t\t\t\t<\/div>\n\t\t\t\t<\/div>\n\t\t\t\t<\/div>\n\t\t","protected":false},"excerpt":{"rendered":"<p>Trouve ta place Trouve Ta Place est mon projet de fin d&rsquo;ann\u00e9e. C&rsquo;est un site internet permettant la r\u00e9servation et le paiement de places de parking par les utilisateurs. Il y a \u00e9galement une partie r\u00e9serv\u00e9e \u00e0 l&rsquo;administrateur qui peut g\u00e9rer les diff\u00e9rentes places de parking ainsi que les tarifs en fonction de les p\u00e9riodes. [&hellip;]<\/p>\n","protected":false},"author":1,"featured_media":0,"parent":0,"menu_order":0,"comment_status":"closed","ping_status":"closed","template":"","meta":{"_acf_changed":false,"footnotes":""},"class_list":["post-293","page","type-page","status-publish","hentry"],"acf":[],"_links":{"self":[{"href":"https:\/\/nathanchabalier.com\/index.php?rest_route=\/wp\/v2\/pages\/293","targetHints":{"allow":["GET"]}}],"collection":[{"href":"https:\/\/nathanchabalier.com\/index.php?rest_route=\/wp\/v2\/pages"}],"about":[{"href":"https:\/\/nathanchabalier.com\/index.php?rest_route=\/wp\/v2\/types\/page"}],"author":[{"embeddable":true,"href":"https:\/\/nathanchabalier.com\/index.php?rest_route=\/wp\/v2\/users\/1"}],"replies":[{"embeddable":true,"href":"https:\/\/nathanchabalier.com\/index.php?rest_route=%2Fwp%2Fv2%2Fcomments&post=293"}],"version-history":[{"count":13,"href":"https:\/\/nathanchabalier.com\/index.php?rest_route=\/wp\/v2\/pages\/293\/revisions"}],"predecessor-version":[{"id":493,"href":"https:\/\/nathanchabalier.com\/index.php?rest_route=\/wp\/v2\/pages\/293\/revisions\/493"}],"wp:attachment":[{"href":"https:\/\/nathanchabalier.com\/index.php?rest_route=%2Fwp%2Fv2%2Fmedia&parent=293"}],"curies":[{"name":"wp","href":"https:\/\/api.w.org\/{rel}","templated":true}]}}